{"id":10808,"date":"2021-05-24T18:04:59","date_gmt":"2021-05-24T18:04:59","guid":{"rendered":"https:\/\/dev.invictaelectric.is\/?post_type=product&#038;p=10808"},"modified":"2021-06-16T16:58:25","modified_gmt":"2021-06-16T16:58:25","slug":"invicta-silky","status":"publish","type":"product","link":"https:\/\/invictaelectric.is\/index.php\/product\/invicta-silky\/","title":{"rendered":"Invicta Silky"},"content":{"rendered":"<p>\u00cd bo\u00f0i sem forp\u00f6ntun, v\u00e6ntanlegt \u00ed J\u00fal\u00ed!<\/p>\n<p>Rafhj\u00f3l \u00e1 fr\u00e1b\u00e6ru ver\u00f0i. Kemur me\u00f0 standara og bj\u00f6llu tilb\u00fai\u00f0 \u00ed fer\u00f0alagi\u00f0.<\/p>\n<ul>\n<li>Innbygg\u00f0 rafhla\u00f0a<\/li>\n<li>\u00c1lstell<\/li>\n<li>Diskabremsur<\/li>\n<li>Uppl\u00fdsingaskj\u00e1r<\/li>\n<li>Lj\u00f3s, bjalla og standari<\/li>\n<li>Dr\u00e6gni: 50km<\/li>\n<li>700C28 dekk<\/li>\n<li>25km h\u00e1markshra\u00f0i<\/li>\n<li>Hle\u00f0slut\u00edmi 3-4 t\u00edmar<\/li>\n<li>Rafhla\u00f0a: 36v6AH<\/li>\n<li>\u00deyngd: 19kg<\/li>\n<\/ul>\n","protected":false},"excerpt":{"rendered":"<p>\u00cd bo\u00f0i sem forp\u00f6ntun, v\u00e6ntanlegt \u00ed J\u00fal\u00ed! Rafhj\u00f3l \u00e1 fr\u00e1b\u00e6ru ver\u00f0i. Kemur me\u00f0 standara og bj\u00f6llu tilb\u00fai\u00f0 \u00ed fer\u00f0alagi\u00f0. Innbygg\u00f0<\/p>\n","protected":false},"featured_media":10899,"template":"","meta":[],"product_cat":[221],"product_tag":[],"class_list":["post-10808","product","type-product","status-publish","has-post-thumbnail","hentry","product_cat-rafreidhjol"],"yoast_head":"<!-- This site is optimized with the Yoast SEO plugin v20.2.1 - https:\/\/yoast.com\/wordpress\/plugins\/seo\/ -->\n<title>Invicta Silky - Invicta electric \u00e1 \u00cdslandi<\/title>\n<meta name=\"robots\" content=\"noindex, follow, max-snippet:-1, max-image-preview:large, max-video-preview:-1\" \/>\n<meta property=\"og:locale\" content=\"is_IS\" \/>\n<meta property=\"og:type\" content=\"article\" \/>\n<meta property=\"og:title\" content=\"Invicta Silky - Invicta electric \u00e1 \u00cdslandi\" \/>\n<meta property=\"og:description\" content=\"\u00cd bo\u00f0i sem forp\u00f6ntun, v\u00e6ntanlegt \u00ed J\u00fal\u00ed! Rafhj\u00f3l \u00e1 fr\u00e1b\u00e6ru ver\u00f0i. Kemur me\u00f0 standara og bj\u00f6llu tilb\u00fai\u00f0 \u00ed fer\u00f0alagi\u00f0. Innbygg\u00f0\" \/>\n<meta property=\"og:url\" content=\"https:\/\/invictaelectric.is\/index.php\/product\/invicta-silky\/\" \/>\n<meta property=\"og:site_name\" content=\"Invicta electric \u00e1 \u00cdslandi\" \/>\n<meta property=\"article:modified_time\" content=\"2021-06-16T16:58:25+00:00\" \/>\n<meta property=\"og:image\" content=\"https:\/\/invictaelectric.is\/wp-content\/uploads\/2021\/05\/Silkyfront.jpg\" \/>\n\t<meta property=\"og:image:width\" content=\"2560\" \/>\n\t<meta property=\"og:image:height\" content=\"1707\" \/>\n\t<meta property=\"og:image:type\" content=\"image\/jpeg\" \/>\n<meta name=\"twitter:card\" content=\"summary_large_image\" \/>\n<script type=\"application\/ld+json\" class=\"yoast-schema-graph\">{\"@context\":\"https:\/\/schema.org\",\"@graph\":[{\"@type\":\"WebPage\",\"@id\":\"https:\/\/invictaelectric.is\/index.php\/product\/invicta-silky\/\",\"url\":\"https:\/\/invictaelectric.is\/index.php\/product\/invicta-silky\/\",\"name\":\"Invicta Silky - Invicta electric \u00e1 \u00cdslandi\",\"isPartOf\":{\"@id\":\"https:\/\/invictaelectric.is\/#website\"},\"datePublished\":\"2021-05-24T18:04:59+00:00\",\"dateModified\":\"2021-06-16T16:58:25+00:00\",\"breadcrumb\":{\"@id\":\"https:\/\/invictaelectric.is\/index.php\/product\/invicta-silky\/#breadcrumb\"},\"inLanguage\":\"is\",\"potentialAction\":[{\"@type\":\"ReadAction\",\"target\":[\"https:\/\/invictaelectric.is\/index.php\/product\/invicta-silky\/\"]}]},{\"@type\":\"BreadcrumbList\",\"@id\":\"https:\/\/invictaelectric.is\/index.php\/product\/invicta-silky\/#breadcrumb\",\"itemListElement\":[{\"@type\":\"ListItem\",\"position\":1,\"name\":\"Home\",\"item\":\"https:\/\/invictaelectric.is\/\"},{\"@type\":\"ListItem\",\"position\":2,\"name\":\"Shop\",\"item\":\"https:\/\/invictaelectric.is\/index.php\/shop\/\"},{\"@type\":\"ListItem\",\"position\":3,\"name\":\"Invicta Silky\"}]},{\"@type\":\"WebSite\",\"@id\":\"https:\/\/invictaelectric.is\/#website\",\"url\":\"https:\/\/invictaelectric.is\/\",\"name\":\"Invicta electric \u00e1 \u00cdslandi\",\"description\":\"\",\"potentialAction\":[{\"@type\":\"SearchAction\",\"target\":{\"@type\":\"EntryPoint\",\"urlTemplate\":\"https:\/\/invictaelectric.is\/?s={search_term_string}\"},\"query-input\":\"required name=search_term_string\"}],\"inLanguage\":\"is\"}]}<\/script>\n<!-- \/ Yoast SEO plugin. -->","yoast_head_json":{"title":"Invicta Silky - Invicta electric \u00e1 \u00cdslandi","robots":{"index":"noindex","follow":"follow","max-snippet":"max-snippet:-1","max-image-preview":"max-image-preview:large","max-video-preview":"max-video-preview:-1"},"og_locale":"is_IS","og_type":"article","og_title":"Invicta Silky - Invicta electric \u00e1 \u00cdslandi","og_description":"\u00cd bo\u00f0i sem forp\u00f6ntun, v\u00e6ntanlegt \u00ed J\u00fal\u00ed! Rafhj\u00f3l \u00e1 fr\u00e1b\u00e6ru ver\u00f0i. Kemur me\u00f0 standara og bj\u00f6llu tilb\u00fai\u00f0 \u00ed fer\u00f0alagi\u00f0. Innbygg\u00f0","og_url":"https:\/\/invictaelectric.is\/index.php\/product\/invicta-silky\/","og_site_name":"Invicta electric \u00e1 \u00cdslandi","article_modified_time":"2021-06-16T16:58:25+00:00","og_image":[{"width":2560,"height":1707,"url":"https:\/\/invictaelectric.is\/wp-content\/uploads\/2021\/05\/Silkyfront.jpg","type":"image\/jpeg"}],"twitter_card":"summary_large_image","schema":{"@context":"https:\/\/schema.org","@graph":[{"@type":"WebPage","@id":"https:\/\/invictaelectric.is\/index.php\/product\/invicta-silky\/","url":"https:\/\/invictaelectric.is\/index.php\/product\/invicta-silky\/","name":"Invicta Silky - Invicta electric \u00e1 \u00cdslandi","isPartOf":{"@id":"https:\/\/invictaelectric.is\/#website"},"datePublished":"2021-05-24T18:04:59+00:00","dateModified":"2021-06-16T16:58:25+00:00","breadcrumb":{"@id":"https:\/\/invictaelectric.is\/index.php\/product\/invicta-silky\/#breadcrumb"},"inLanguage":"is","potentialAction":[{"@type":"ReadAction","target":["https:\/\/invictaelectric.is\/index.php\/product\/invicta-silky\/"]}]},{"@type":"BreadcrumbList","@id":"https:\/\/invictaelectric.is\/index.php\/product\/invicta-silky\/#breadcrumb","itemListElement":[{"@type":"ListItem","position":1,"name":"Home","item":"https:\/\/invictaelectric.is\/"},{"@type":"ListItem","position":2,"name":"Shop","item":"https:\/\/invictaelectric.is\/index.php\/shop\/"},{"@type":"ListItem","position":3,"name":"Invicta Silky"}]},{"@type":"WebSite","@id":"https:\/\/invictaelectric.is\/#website","url":"https:\/\/invictaelectric.is\/","name":"Invicta electric \u00e1 \u00cdslandi","description":"","potentialAction":[{"@type":"SearchAction","target":{"@type":"EntryPoint","urlTemplate":"https:\/\/invictaelectric.is\/?s={search_term_string}"},"query-input":"required name=search_term_string"}],"inLanguage":"is"}]}},"_links":{"self":[{"href":"https:\/\/invictaelectric.is\/index.php\/wp-json\/wp\/v2\/product\/10808","targetHints":{"allow":["GET"]}}],"collection":[{"href":"https:\/\/invictaelectric.is\/index.php\/wp-json\/wp\/v2\/product"}],"about":[{"href":"https:\/\/invictaelectric.is\/index.php\/wp-json\/wp\/v2\/types\/product"}],"version-history":[{"count":1,"href":"https:\/\/invictaelectric.is\/index.php\/wp-json\/wp\/v2\/product\/10808\/revisions"}],"predecessor-version":[{"id":10903,"href":"https:\/\/invictaelectric.is\/index.php\/wp-json\/wp\/v2\/product\/10808\/revisions\/10903"}],"wp:featuredmedia":[{"embeddable":true,"href":"https:\/\/invictaelectric.is\/index.php\/wp-json\/wp\/v2\/media\/10899"}],"wp:attachment":[{"href":"https:\/\/invictaelectric.is\/index.php\/wp-json\/wp\/v2\/media?parent=10808"}],"wp:term":[{"taxonomy":"product_cat","embeddable":true,"href":"https:\/\/invictaelectric.is\/index.php\/wp-json\/wp\/v2\/product_cat?post=10808"},{"taxonomy":"product_tag","embeddable":true,"href":"https:\/\/invictaelectric.is\/index.php\/wp-json\/wp\/v2\/product_tag?post=10808"}],"curies":[{"name":"wp","href":"https:\/\/api.w.org\/{rel}","templated":true}]}}