{"id":10830,"date":"2021-05-24T18:05:32","date_gmt":"2021-05-24T18:05:32","guid":{"rendered":"https:\/\/dev.invictaelectric.is\/?post_type=product&#038;p=10830"},"modified":"2021-06-16T16:57:35","modified_gmt":"2021-06-16T16:57:35","slug":"invicta-coky","status":"publish","type":"product","link":"https:\/\/invictaelectric.is\/index.php\/product\/invicta-coky\/","title":{"rendered":"Invicta Coky"},"content":{"rendered":"<p><strong>\u00cd bo\u00f0i sem forp\u00f6ntun, v\u00e6ntanlegt \u00ed j\u00fal\u00ed!<\/strong><\/p>\n<p><strong>\u00d3d\u00fdrasta sambrj\u00f3tanlega rafmagnshj\u00f3li\u00f0 \u00e1 marka\u00f0num<\/strong><\/p>\n<p>Invicta Electric Coky hefur eitt markmi\u00f0: a\u00f0 gera umhverfisv\u00e6na daglega fer\u00f0alagi\u00f0 \u00f3d\u00fdrara og a\u00f0gengilegra.\u00a0 \u00de\u00f3tt hj\u00f3li\u00f0 s\u00e9 sm\u00e1tt er \u00fea\u00f0 samt \u00f6flugt me\u00f0 250w rafmagnsm\u00f3tor og h\u00e1markshra\u00f0a allt a\u00f0 25 km\/h. Full hle\u00f0sla tekur a\u00f0eins 3 t\u00edma \u00far venjulegri innstungu og me\u00f0 fullri hle\u00f0slu n\u00e6r \u00fea\u00f0 allt a\u00f0 35km dr\u00e6gni.<\/p>\n<p><strong>T\u00e6knl\u00fdsing<\/strong><\/p>\n<ul>\n<li>\u00c1lstell<\/li>\n<li>Innbygg\u00f0 rafhla\u00f0a<\/li>\n<li>250w M\u00f3tor<\/li>\n<li>Uppl\u00fdsingaskj\u00e1r<\/li>\n<li>Sk\u00e1labremsur<\/li>\n<li>Fram og afturbetti<\/li>\n<li>Lj\u00f3s a\u00f0 framan og aftan<\/li>\n<li>Standari<\/li>\n<\/ul>\n","protected":false},"excerpt":{"rendered":"<p>\u00cd bo\u00f0i sem forp\u00f6ntun, v\u00e6ntanlegt \u00ed j\u00fal\u00ed! \u00d3d\u00fdrasta sambrj\u00f3tanlega rafmagnshj\u00f3li\u00f0 \u00e1 marka\u00f0num Invicta Electric Coky hefur eitt markmi\u00f0: a\u00f0 gera<\/p>\n","protected":false},"featured_media":10904,"template":"","meta":[],"product_cat":[221],"product_tag":[],"class_list":["post-10830","product","type-product","status-publish","has-post-thumbnail","hentry","product_cat-rafreidhjol"],"yoast_head":"<!-- This site is optimized with the Yoast SEO plugin v20.2.1 - https:\/\/yoast.com\/wordpress\/plugins\/seo\/ -->\n<title>Invicta Coky - Invicta electric \u00e1 \u00cdslandi<\/title>\n<meta name=\"robots\" content=\"noindex, follow, max-snippet:-1, max-image-preview:large, max-video-preview:-1\" \/>\n<meta property=\"og:locale\" content=\"is_IS\" \/>\n<meta property=\"og:type\" content=\"article\" \/>\n<meta property=\"og:title\" content=\"Invicta Coky - Invicta electric \u00e1 \u00cdslandi\" \/>\n<meta property=\"og:description\" content=\"\u00cd bo\u00f0i sem forp\u00f6ntun, v\u00e6ntanlegt \u00ed j\u00fal\u00ed! \u00d3d\u00fdrasta sambrj\u00f3tanlega rafmagnshj\u00f3li\u00f0 \u00e1 marka\u00f0num Invicta Electric Coky hefur eitt markmi\u00f0: a\u00f0 gera\" \/>\n<meta property=\"og:url\" content=\"https:\/\/invictaelectric.is\/index.php\/product\/invicta-coky\/\" \/>\n<meta property=\"og:site_name\" content=\"Invicta electric \u00e1 \u00cdslandi\" \/>\n<meta property=\"article:modified_time\" content=\"2021-06-16T16:57:35+00:00\" \/>\n<meta property=\"og:image\" content=\"https:\/\/invictaelectric.is\/wp-content\/uploads\/2021\/05\/InvictaCoky.png\" \/>\n\t<meta property=\"og:image:width\" content=\"1267\" \/>\n\t<meta property=\"og:image:height\" content=\"710\" \/>\n\t<meta property=\"og:image:type\" content=\"image\/png\" \/>\n<meta name=\"twitter:card\" content=\"summary_large_image\" \/>\n<meta name=\"twitter:label1\" content=\"Est. reading time\" \/>\n\t<meta name=\"twitter:data1\" content=\"1 minute\" \/>\n<script type=\"application\/ld+json\" class=\"yoast-schema-graph\">{\"@context\":\"https:\/\/schema.org\",\"@graph\":[{\"@type\":\"WebPage\",\"@id\":\"https:\/\/invictaelectric.is\/index.php\/product\/invicta-coky\/\",\"url\":\"https:\/\/invictaelectric.is\/index.php\/product\/invicta-coky\/\",\"name\":\"Invicta Coky - Invicta electric \u00e1 \u00cdslandi\",\"isPartOf\":{\"@id\":\"https:\/\/invictaelectric.is\/#website\"},\"datePublished\":\"2021-05-24T18:05:32+00:00\",\"dateModified\":\"2021-06-16T16:57:35+00:00\",\"breadcrumb\":{\"@id\":\"https:\/\/invictaelectric.is\/index.php\/product\/invicta-coky\/#breadcrumb\"},\"inLanguage\":\"is\",\"potentialAction\":[{\"@type\":\"ReadAction\",\"target\":[\"https:\/\/invictaelectric.is\/index.php\/product\/invicta-coky\/\"]}]},{\"@type\":\"BreadcrumbList\",\"@id\":\"https:\/\/invictaelectric.is\/index.php\/product\/invicta-coky\/#breadcrumb\",\"itemListElement\":[{\"@type\":\"ListItem\",\"position\":1,\"name\":\"Home\",\"item\":\"https:\/\/invictaelectric.is\/\"},{\"@type\":\"ListItem\",\"position\":2,\"name\":\"Shop\",\"item\":\"https:\/\/invictaelectric.is\/index.php\/shop\/\"},{\"@type\":\"ListItem\",\"position\":3,\"name\":\"Invicta Coky\"}]},{\"@type\":\"WebSite\",\"@id\":\"https:\/\/invictaelectric.is\/#website\",\"url\":\"https:\/\/invictaelectric.is\/\",\"name\":\"Invicta electric \u00e1 \u00cdslandi\",\"description\":\"\",\"potentialAction\":[{\"@type\":\"SearchAction\",\"target\":{\"@type\":\"EntryPoint\",\"urlTemplate\":\"https:\/\/invictaelectric.is\/?s={search_term_string}\"},\"query-input\":\"required name=search_term_string\"}],\"inLanguage\":\"is\"}]}<\/script>\n<!-- \/ Yoast SEO plugin. -->","yoast_head_json":{"title":"Invicta Coky - Invicta electric \u00e1 \u00cdslandi","robots":{"index":"noindex","follow":"follow","max-snippet":"max-snippet:-1","max-image-preview":"max-image-preview:large","max-video-preview":"max-video-preview:-1"},"og_locale":"is_IS","og_type":"article","og_title":"Invicta Coky - Invicta electric \u00e1 \u00cdslandi","og_description":"\u00cd bo\u00f0i sem forp\u00f6ntun, v\u00e6ntanlegt \u00ed j\u00fal\u00ed! \u00d3d\u00fdrasta sambrj\u00f3tanlega rafmagnshj\u00f3li\u00f0 \u00e1 marka\u00f0num Invicta Electric Coky hefur eitt markmi\u00f0: a\u00f0 gera","og_url":"https:\/\/invictaelectric.is\/index.php\/product\/invicta-coky\/","og_site_name":"Invicta electric \u00e1 \u00cdslandi","article_modified_time":"2021-06-16T16:57:35+00:00","og_image":[{"width":1267,"height":710,"url":"https:\/\/invictaelectric.is\/wp-content\/uploads\/2021\/05\/InvictaCoky.png","type":"image\/png"}],"twitter_card":"summary_large_image","twitter_misc":{"Est. reading time":"1 minute"},"schema":{"@context":"https:\/\/schema.org","@graph":[{"@type":"WebPage","@id":"https:\/\/invictaelectric.is\/index.php\/product\/invicta-coky\/","url":"https:\/\/invictaelectric.is\/index.php\/product\/invicta-coky\/","name":"Invicta Coky - Invicta electric \u00e1 \u00cdslandi","isPartOf":{"@id":"https:\/\/invictaelectric.is\/#website"},"datePublished":"2021-05-24T18:05:32+00:00","dateModified":"2021-06-16T16:57:35+00:00","breadcrumb":{"@id":"https:\/\/invictaelectric.is\/index.php\/product\/invicta-coky\/#breadcrumb"},"inLanguage":"is","potentialAction":[{"@type":"ReadAction","target":["https:\/\/invictaelectric.is\/index.php\/product\/invicta-coky\/"]}]},{"@type":"BreadcrumbList","@id":"https:\/\/invictaelectric.is\/index.php\/product\/invicta-coky\/#breadcrumb","itemListElement":[{"@type":"ListItem","position":1,"name":"Home","item":"https:\/\/invictaelectric.is\/"},{"@type":"ListItem","position":2,"name":"Shop","item":"https:\/\/invictaelectric.is\/index.php\/shop\/"},{"@type":"ListItem","position":3,"name":"Invicta Coky"}]},{"@type":"WebSite","@id":"https:\/\/invictaelectric.is\/#website","url":"https:\/\/invictaelectric.is\/","name":"Invicta electric \u00e1 \u00cdslandi","description":"","potentialAction":[{"@type":"SearchAction","target":{"@type":"EntryPoint","urlTemplate":"https:\/\/invictaelectric.is\/?s={search_term_string}"},"query-input":"required name=search_term_string"}],"inLanguage":"is"}]}},"_links":{"self":[{"href":"https:\/\/invictaelectric.is\/index.php\/wp-json\/wp\/v2\/product\/10830","targetHints":{"allow":["GET"]}}],"collection":[{"href":"https:\/\/invictaelectric.is\/index.php\/wp-json\/wp\/v2\/product"}],"about":[{"href":"https:\/\/invictaelectric.is\/index.php\/wp-json\/wp\/v2\/types\/product"}],"version-history":[{"count":2,"href":"https:\/\/invictaelectric.is\/index.php\/wp-json\/wp\/v2\/product\/10830\/revisions"}],"predecessor-version":[{"id":11234,"href":"https:\/\/invictaelectric.is\/index.php\/wp-json\/wp\/v2\/product\/10830\/revisions\/11234"}],"wp:featuredmedia":[{"embeddable":true,"href":"https:\/\/invictaelectric.is\/index.php\/wp-json\/wp\/v2\/media\/10904"}],"wp:attachment":[{"href":"https:\/\/invictaelectric.is\/index.php\/wp-json\/wp\/v2\/media?parent=10830"}],"wp:term":[{"taxonomy":"product_cat","embeddable":true,"href":"https:\/\/invictaelectric.is\/index.php\/wp-json\/wp\/v2\/product_cat?post=10830"},{"taxonomy":"product_tag","embeddable":true,"href":"https:\/\/invictaelectric.is\/index.php\/wp-json\/wp\/v2\/product_tag?post=10830"}],"curies":[{"name":"wp","href":"https:\/\/api.w.org\/{rel}","templated":true}]}}