{"id":10831,"date":"2021-05-24T18:05:32","date_gmt":"2021-05-24T18:05:32","guid":{"rendered":"https:\/\/dev.invictaelectric.is\/?post_type=product&#038;p=10831"},"modified":"2021-06-14T11:47:36","modified_gmt":"2021-06-14T11:47:36","slug":"invicta-fliky","status":"publish","type":"product","link":"https:\/\/invictaelectric.is\/index.php\/product\/invicta-fliky\/","title":{"rendered":"Invicta Fliky"},"content":{"rendered":"<p><strong>\u00cd bo\u00f0i sem forp\u00f6ntun, v\u00e6ntanlegt \u00ed j\u00fal\u00ed!<\/strong><\/p>\n<p>Skemmtilegt rafdrifi\u00f0 &#8222;fatbike&#8220; sem er tilb\u00fai\u00f0 \u00ed utanvegar \u00e6vint\u00fdrin.<\/p>\n<p><strong>Kaffi Racer h\u00f6nnun<\/strong><\/p>\n<p>Rafmagnshj\u00f3li\u00f0 er hanna\u00f0 \u00ed retr\u00f3 tilfinningu vi\u00f0 fr\u00e6gu &#8222;kaffih\u00fasa&#8220; m\u00f3torhj\u00f3la\u00fatliti\u00f0 og \u00fev\u00ed flott fr\u00e1 \u00f6llum sj\u00f3narhornum. Helstu atri\u00f0in sem m\u00e1 tengja vi\u00f0 \u00fatliti\u00f0 er s\u00e6ti\u00f0 og framlj\u00f3s hj\u00f3lsins.<\/p>\n<p><strong>Eiginleikar<\/strong><\/p>\n<p>350w rafmagnsm\u00f3torinn gerir \u00fea\u00f0 a\u00f0 verkum a\u00f0 hj\u00f3li\u00f0 kemst \u00e1 allt a\u00f0 32km og dr\u00e6gni hj\u00f3lsins er allt a\u00f0 50km. Hle\u00f0slut\u00edmi hj\u00f3lsins er um \u00fea\u00f0 bil 3-6 t\u00edmar til \u00feess a\u00f0 n\u00e1 fullri hle\u00f0slu.<\/p>\n<p><strong>T\u00e6knil\u00fdsing<\/strong><\/p>\n<ul>\n<li>Framdempun<\/li>\n<li>\u00c1lstell<\/li>\n<li>7 g\u00edrar, Shimano Tourney<\/li>\n<li>Diskabremsur<\/li>\n<li>Uppl\u00fdsingaskj\u00e1r<\/li>\n<li>24*3 dekk<\/li>\n<li>350w M\u00f3tor<\/li>\n<li>\u00d6flug l\u00fdsing a\u00f0 framan<\/li>\n<li>Standari<\/li>\n<\/ul>\n","protected":false},"excerpt":{"rendered":"<p>\u00cd bo\u00f0i sem forp\u00f6ntun, v\u00e6ntanlegt \u00ed j\u00fal\u00ed! Skemmtilegt rafdrifi\u00f0 &#8222;fatbike&#8220; sem er tilb\u00fai\u00f0 \u00ed utanvegar \u00e6vint\u00fdrin. Kaffi Racer h\u00f6nnun Rafmagnshj\u00f3li\u00f0<\/p>\n","protected":false},"featured_media":10916,"template":"","meta":[],"product_cat":[221],"product_tag":[],"class_list":["post-10831","product","type-product","status-publish","has-post-thumbnail","hentry","product_cat-rafreidhjol"],"yoast_head":"<!-- This site is optimized with the Yoast SEO plugin v20.2.1 - https:\/\/yoast.com\/wordpress\/plugins\/seo\/ -->\n<title>Invicta Fliky - Invicta electric \u00e1 \u00cdslandi<\/title>\n<meta name=\"robots\" content=\"noindex, follow, max-snippet:-1, max-image-preview:large, max-video-preview:-1\" \/>\n<meta property=\"og:locale\" content=\"is_IS\" \/>\n<meta property=\"og:type\" content=\"article\" \/>\n<meta property=\"og:title\" content=\"Invicta Fliky - Invicta electric \u00e1 \u00cdslandi\" \/>\n<meta property=\"og:description\" content=\"\u00cd bo\u00f0i sem forp\u00f6ntun, v\u00e6ntanlegt \u00ed j\u00fal\u00ed! Skemmtilegt rafdrifi\u00f0 &#8222;fatbike&#8220; sem er tilb\u00fai\u00f0 \u00ed utanvegar \u00e6vint\u00fdrin. Kaffi Racer h\u00f6nnun Rafmagnshj\u00f3li\u00f0\" \/>\n<meta property=\"og:url\" content=\"https:\/\/invictaelectric.is\/index.php\/product\/invicta-fliky\/\" \/>\n<meta property=\"og:site_name\" content=\"Invicta electric \u00e1 \u00cdslandi\" \/>\n<meta property=\"article:modified_time\" content=\"2021-06-14T11:47:36+00:00\" \/>\n<meta property=\"og:image\" content=\"https:\/\/invictaelectric.is\/wp-content\/uploads\/2021\/05\/Flikyfront-1.jpg\" \/>\n\t<meta property=\"og:image:width\" content=\"2560\" \/>\n\t<meta property=\"og:image:height\" content=\"1709\" \/>\n\t<meta property=\"og:image:type\" content=\"image\/jpeg\" \/>\n<meta name=\"twitter:card\" content=\"summary_large_image\" \/>\n<meta name=\"twitter:label1\" content=\"Est. reading time\" \/>\n\t<meta name=\"twitter:data1\" content=\"1 minute\" \/>\n<script type=\"application\/ld+json\" class=\"yoast-schema-graph\">{\"@context\":\"https:\/\/schema.org\",\"@graph\":[{\"@type\":\"WebPage\",\"@id\":\"https:\/\/invictaelectric.is\/index.php\/product\/invicta-fliky\/\",\"url\":\"https:\/\/invictaelectric.is\/index.php\/product\/invicta-fliky\/\",\"name\":\"Invicta Fliky - Invicta electric \u00e1 \u00cdslandi\",\"isPartOf\":{\"@id\":\"https:\/\/invictaelectric.is\/#website\"},\"datePublished\":\"2021-05-24T18:05:32+00:00\",\"dateModified\":\"2021-06-14T11:47:36+00:00\",\"breadcrumb\":{\"@id\":\"https:\/\/invictaelectric.is\/index.php\/product\/invicta-fliky\/#breadcrumb\"},\"inLanguage\":\"is\",\"potentialAction\":[{\"@type\":\"ReadAction\",\"target\":[\"https:\/\/invictaelectric.is\/index.php\/product\/invicta-fliky\/\"]}]},{\"@type\":\"BreadcrumbList\",\"@id\":\"https:\/\/invictaelectric.is\/index.php\/product\/invicta-fliky\/#breadcrumb\",\"itemListElement\":[{\"@type\":\"ListItem\",\"position\":1,\"name\":\"Home\",\"item\":\"https:\/\/invictaelectric.is\/\"},{\"@type\":\"ListItem\",\"position\":2,\"name\":\"Shop\",\"item\":\"https:\/\/invictaelectric.is\/index.php\/shop\/\"},{\"@type\":\"ListItem\",\"position\":3,\"name\":\"Invicta Fliky\"}]},{\"@type\":\"WebSite\",\"@id\":\"https:\/\/invictaelectric.is\/#website\",\"url\":\"https:\/\/invictaelectric.is\/\",\"name\":\"Invicta electric \u00e1 \u00cdslandi\",\"description\":\"\",\"potentialAction\":[{\"@type\":\"SearchAction\",\"target\":{\"@type\":\"EntryPoint\",\"urlTemplate\":\"https:\/\/invictaelectric.is\/?s={search_term_string}\"},\"query-input\":\"required name=search_term_string\"}],\"inLanguage\":\"is\"}]}<\/script>\n<!-- \/ Yoast SEO plugin. -->","yoast_head_json":{"title":"Invicta Fliky - Invicta electric \u00e1 \u00cdslandi","robots":{"index":"noindex","follow":"follow","max-snippet":"max-snippet:-1","max-image-preview":"max-image-preview:large","max-video-preview":"max-video-preview:-1"},"og_locale":"is_IS","og_type":"article","og_title":"Invicta Fliky - Invicta electric \u00e1 \u00cdslandi","og_description":"\u00cd bo\u00f0i sem forp\u00f6ntun, v\u00e6ntanlegt \u00ed j\u00fal\u00ed! Skemmtilegt rafdrifi\u00f0 &#8222;fatbike&#8220; sem er tilb\u00fai\u00f0 \u00ed utanvegar \u00e6vint\u00fdrin. Kaffi Racer h\u00f6nnun Rafmagnshj\u00f3li\u00f0","og_url":"https:\/\/invictaelectric.is\/index.php\/product\/invicta-fliky\/","og_site_name":"Invicta electric \u00e1 \u00cdslandi","article_modified_time":"2021-06-14T11:47:36+00:00","og_image":[{"width":2560,"height":1709,"url":"https:\/\/invictaelectric.is\/wp-content\/uploads\/2021\/05\/Flikyfront-1.jpg","type":"image\/jpeg"}],"twitter_card":"summary_large_image","twitter_misc":{"Est. reading time":"1 minute"},"schema":{"@context":"https:\/\/schema.org","@graph":[{"@type":"WebPage","@id":"https:\/\/invictaelectric.is\/index.php\/product\/invicta-fliky\/","url":"https:\/\/invictaelectric.is\/index.php\/product\/invicta-fliky\/","name":"Invicta Fliky - Invicta electric \u00e1 \u00cdslandi","isPartOf":{"@id":"https:\/\/invictaelectric.is\/#website"},"datePublished":"2021-05-24T18:05:32+00:00","dateModified":"2021-06-14T11:47:36+00:00","breadcrumb":{"@id":"https:\/\/invictaelectric.is\/index.php\/product\/invicta-fliky\/#breadcrumb"},"inLanguage":"is","potentialAction":[{"@type":"ReadAction","target":["https:\/\/invictaelectric.is\/index.php\/product\/invicta-fliky\/"]}]},{"@type":"BreadcrumbList","@id":"https:\/\/invictaelectric.is\/index.php\/product\/invicta-fliky\/#breadcrumb","itemListElement":[{"@type":"ListItem","position":1,"name":"Home","item":"https:\/\/invictaelectric.is\/"},{"@type":"ListItem","position":2,"name":"Shop","item":"https:\/\/invictaelectric.is\/index.php\/shop\/"},{"@type":"ListItem","position":3,"name":"Invicta Fliky"}]},{"@type":"WebSite","@id":"https:\/\/invictaelectric.is\/#website","url":"https:\/\/invictaelectric.is\/","name":"Invicta electric \u00e1 \u00cdslandi","description":"","potentialAction":[{"@type":"SearchAction","target":{"@type":"EntryPoint","urlTemplate":"https:\/\/invictaelectric.is\/?s={search_term_string}"},"query-input":"required name=search_term_string"}],"inLanguage":"is"}]}},"_links":{"self":[{"href":"https:\/\/invictaelectric.is\/index.php\/wp-json\/wp\/v2\/product\/10831","targetHints":{"allow":["GET"]}}],"collection":[{"href":"https:\/\/invictaelectric.is\/index.php\/wp-json\/wp\/v2\/product"}],"about":[{"href":"https:\/\/invictaelectric.is\/index.php\/wp-json\/wp\/v2\/types\/product"}],"version-history":[{"count":2,"href":"https:\/\/invictaelectric.is\/index.php\/wp-json\/wp\/v2\/product\/10831\/revisions"}],"predecessor-version":[{"id":11235,"href":"https:\/\/invictaelectric.is\/index.php\/wp-json\/wp\/v2\/product\/10831\/revisions\/11235"}],"wp:featuredmedia":[{"embeddable":true,"href":"https:\/\/invictaelectric.is\/index.php\/wp-json\/wp\/v2\/media\/10916"}],"wp:attachment":[{"href":"https:\/\/invictaelectric.is\/index.php\/wp-json\/wp\/v2\/media?parent=10831"}],"wp:term":[{"taxonomy":"product_cat","embeddable":true,"href":"https:\/\/invictaelectric.is\/index.php\/wp-json\/wp\/v2\/product_cat?post=10831"},{"taxonomy":"product_tag","embeddable":true,"href":"https:\/\/invictaelectric.is\/index.php\/wp-json\/wp\/v2\/product_tag?post=10831"}],"curies":[{"name":"wp","href":"https:\/\/api.w.org\/{rel}","templated":true}]}}