{"id":10833,"date":"2021-05-24T18:05:32","date_gmt":"2021-05-24T18:05:32","guid":{"rendered":"https:\/\/dev.invictaelectric.is\/?post_type=product&#038;p=10833"},"modified":"2021-06-16T16:59:05","modified_gmt":"2021-06-16T16:59:05","slug":"micro-explorer","status":"publish","type":"product","link":"https:\/\/invictaelectric.is\/index.php\/product\/micro-explorer\/","title":{"rendered":"Micro Explorer"},"content":{"rendered":"<table width=\"1281\">\n<tbody>\n<tr>\n<td width=\"1281\"><strong>Sterkasta rafmagnshlaupahj\u00f3li\u00f0 fyrir krakka og unglinga<\/strong><\/p>\n<p>Invicta Electric Micro Merlin er sm\u00ed\u00f0a\u00f0 \u00far h\u00e1g\u00e6\u00f0a \u00e1li me\u00f0 l\u00e1marks magni af plasti til a\u00f0 sj\u00e1 til \u00feess a\u00f0 g\u00f3\u00f0 ending s\u00e9 \u00e1 hlaupahj\u00f3linu. Hlaupahj\u00f3li\u00f0 hefur einnig innbygg\u00f0a fj\u00f6\u00f0run a\u00f0 framan sem h\u00e6gt er a\u00f0 stilla eftir \u00feyngd og tryggir \u00fe\u00e6gindi \u00e1 gr\u00f3fari vegum. Skj\u00e1rinn s\u00fdnir hitastig, hra\u00f0a og hle\u00f0slu hlaupahj\u00f3lsins. G\u00f3\u00f0 l\u00fdsing er \u00e1 hj\u00f3linu a\u00f0 framan og aftan til a\u00f0 hj\u00f3li\u00f0 s\u00e9 s\u00fdnilegra og \u00f6ruggara s\u00e9 a\u00f0 keyra \u00ed myrkri. Auk \u00feess \u00feegar keypt er Explorer f\u00e6r\u00f0u a\u00f0gang a\u00f0 Micro App-inu sem gefur notenda \u00fdmsa m\u00f6guleika eins og stillingu \u00e1 h\u00e1markshra\u00f0a, t\u00edmi fer\u00f0ar og fleira.<\/p>\n<p><strong>T\u00e6knil\u00fdsing<\/strong><\/p>\n<ul>\n<li>30km\/h h\u00e1markshra\u00f0i<\/li>\n<li>30km dr\u00e6gni<\/li>\n<li>Uppl\u00fdsingaskj\u00e1r<\/li>\n<li>App<\/li>\n<li>Fj\u00f6\u00f0run framan og aftan<\/li>\n<li>200mm dekk<\/li>\n<li>500w m\u00f3tor<\/li>\n<li>280 Wh rahla\u00f0a<\/li>\n<li>100kg bur\u00f0argeta<\/li>\n<li>13.5kg \u00feyngd<\/li>\n<li>3.5klst a\u00f0 fullhla\u00f0a<\/li>\n<\/ul>\n<p><span style=\"text-decoration: underline; color: #0000ff;\"><strong><a style=\"color: #0000ff; text-decoration: underline;\" href=\"https:\/\/issuu.com\/hallih\/docs\/explorer_lei_beiningar?fr=sYmE4OTM4NDYxMzg\" target=\"_blank\" rel=\"noopener\">Notendalei\u00f0beiningar<\/a><\/strong><\/span><\/td>\n<\/tr>\n<\/tbody>\n<\/table>\n","protected":false},"excerpt":{"rendered":"<p>Sterkasta rafmagnshlaupahj\u00f3li\u00f0 fyrir krakka og unglinga Invicta Electric Micro Merlin er sm\u00ed\u00f0a\u00f0 \u00far h\u00e1g\u00e6\u00f0a \u00e1li me\u00f0 l\u00e1marks magni af plasti<\/p>\n","protected":false},"featured_media":11129,"template":"","meta":[],"product_cat":[220],"product_tag":[],"class_list":["post-10833","product","type-product","status-publish","has-post-thumbnail","hentry","product_cat-rafhlaupahjol"],"yoast_head":"<!-- This site is optimized with the Yoast SEO plugin v20.2.1 - https:\/\/yoast.com\/wordpress\/plugins\/seo\/ -->\n<title>Micro Explorer - Invicta electric \u00e1 \u00cdslandi<\/title>\n<meta name=\"robots\" content=\"noindex, follow, max-snippet:-1, max-image-preview:large, max-video-preview:-1\" \/>\n<meta property=\"og:locale\" content=\"is_IS\" \/>\n<meta property=\"og:type\" content=\"article\" \/>\n<meta property=\"og:title\" content=\"Micro Explorer - Invicta electric \u00e1 \u00cdslandi\" \/>\n<meta property=\"og:description\" content=\"Sterkasta rafmagnshlaupahj\u00f3li\u00f0 fyrir krakka og unglinga Invicta Electric Micro Merlin er sm\u00ed\u00f0a\u00f0 \u00far h\u00e1g\u00e6\u00f0a \u00e1li me\u00f0 l\u00e1marks magni af plasti\" \/>\n<meta property=\"og:url\" content=\"https:\/\/invictaelectric.is\/index.php\/product\/micro-explorer\/\" \/>\n<meta property=\"og:site_name\" content=\"Invicta electric \u00e1 \u00cdslandi\" \/>\n<meta property=\"article:modified_time\" content=\"2021-06-16T16:59:05+00:00\" \/>\n<meta property=\"og:image\" content=\"https:\/\/invictaelectric.is\/wp-content\/uploads\/2021\/05\/imagen_patinete_4.jpg\" \/>\n\t<meta property=\"og:image:width\" content=\"800\" \/>\n\t<meta property=\"og:image:height\" content=\"600\" \/>\n\t<meta property=\"og:image:type\" content=\"image\/jpeg\" \/>\n<meta name=\"twitter:card\" content=\"summary_large_image\" \/>\n<meta name=\"twitter:label1\" content=\"Est. reading time\" \/>\n\t<meta name=\"twitter:data1\" content=\"1 minute\" \/>\n<script type=\"application\/ld+json\" class=\"yoast-schema-graph\">{\"@context\":\"https:\/\/schema.org\",\"@graph\":[{\"@type\":\"WebPage\",\"@id\":\"https:\/\/invictaelectric.is\/index.php\/product\/micro-explorer\/\",\"url\":\"https:\/\/invictaelectric.is\/index.php\/product\/micro-explorer\/\",\"name\":\"Micro Explorer - Invicta electric \u00e1 \u00cdslandi\",\"isPartOf\":{\"@id\":\"https:\/\/invictaelectric.is\/#website\"},\"datePublished\":\"2021-05-24T18:05:32+00:00\",\"dateModified\":\"2021-06-16T16:59:05+00:00\",\"breadcrumb\":{\"@id\":\"https:\/\/invictaelectric.is\/index.php\/product\/micro-explorer\/#breadcrumb\"},\"inLanguage\":\"is\",\"potentialAction\":[{\"@type\":\"ReadAction\",\"target\":[\"https:\/\/invictaelectric.is\/index.php\/product\/micro-explorer\/\"]}]},{\"@type\":\"BreadcrumbList\",\"@id\":\"https:\/\/invictaelectric.is\/index.php\/product\/micro-explorer\/#breadcrumb\",\"itemListElement\":[{\"@type\":\"ListItem\",\"position\":1,\"name\":\"Home\",\"item\":\"https:\/\/invictaelectric.is\/\"},{\"@type\":\"ListItem\",\"position\":2,\"name\":\"Shop\",\"item\":\"https:\/\/invictaelectric.is\/index.php\/shop\/\"},{\"@type\":\"ListItem\",\"position\":3,\"name\":\"Micro Explorer\"}]},{\"@type\":\"WebSite\",\"@id\":\"https:\/\/invictaelectric.is\/#website\",\"url\":\"https:\/\/invictaelectric.is\/\",\"name\":\"Invicta electric \u00e1 \u00cdslandi\",\"description\":\"\",\"potentialAction\":[{\"@type\":\"SearchAction\",\"target\":{\"@type\":\"EntryPoint\",\"urlTemplate\":\"https:\/\/invictaelectric.is\/?s={search_term_string}\"},\"query-input\":\"required name=search_term_string\"}],\"inLanguage\":\"is\"}]}<\/script>\n<!-- \/ Yoast SEO plugin. -->","yoast_head_json":{"title":"Micro Explorer - Invicta electric \u00e1 \u00cdslandi","robots":{"index":"noindex","follow":"follow","max-snippet":"max-snippet:-1","max-image-preview":"max-image-preview:large","max-video-preview":"max-video-preview:-1"},"og_locale":"is_IS","og_type":"article","og_title":"Micro Explorer - Invicta electric \u00e1 \u00cdslandi","og_description":"Sterkasta rafmagnshlaupahj\u00f3li\u00f0 fyrir krakka og unglinga Invicta Electric Micro Merlin er sm\u00ed\u00f0a\u00f0 \u00far h\u00e1g\u00e6\u00f0a \u00e1li me\u00f0 l\u00e1marks magni af plasti","og_url":"https:\/\/invictaelectric.is\/index.php\/product\/micro-explorer\/","og_site_name":"Invicta electric \u00e1 \u00cdslandi","article_modified_time":"2021-06-16T16:59:05+00:00","og_image":[{"width":800,"height":600,"url":"https:\/\/invictaelectric.is\/wp-content\/uploads\/2021\/05\/imagen_patinete_4.jpg","type":"image\/jpeg"}],"twitter_card":"summary_large_image","twitter_misc":{"Est. reading time":"1 minute"},"schema":{"@context":"https:\/\/schema.org","@graph":[{"@type":"WebPage","@id":"https:\/\/invictaelectric.is\/index.php\/product\/micro-explorer\/","url":"https:\/\/invictaelectric.is\/index.php\/product\/micro-explorer\/","name":"Micro Explorer - Invicta electric \u00e1 \u00cdslandi","isPartOf":{"@id":"https:\/\/invictaelectric.is\/#website"},"datePublished":"2021-05-24T18:05:32+00:00","dateModified":"2021-06-16T16:59:05+00:00","breadcrumb":{"@id":"https:\/\/invictaelectric.is\/index.php\/product\/micro-explorer\/#breadcrumb"},"inLanguage":"is","potentialAction":[{"@type":"ReadAction","target":["https:\/\/invictaelectric.is\/index.php\/product\/micro-explorer\/"]}]},{"@type":"BreadcrumbList","@id":"https:\/\/invictaelectric.is\/index.php\/product\/micro-explorer\/#breadcrumb","itemListElement":[{"@type":"ListItem","position":1,"name":"Home","item":"https:\/\/invictaelectric.is\/"},{"@type":"ListItem","position":2,"name":"Shop","item":"https:\/\/invictaelectric.is\/index.php\/shop\/"},{"@type":"ListItem","position":3,"name":"Micro Explorer"}]},{"@type":"WebSite","@id":"https:\/\/invictaelectric.is\/#website","url":"https:\/\/invictaelectric.is\/","name":"Invicta electric \u00e1 \u00cdslandi","description":"","potentialAction":[{"@type":"SearchAction","target":{"@type":"EntryPoint","urlTemplate":"https:\/\/invictaelectric.is\/?s={search_term_string}"},"query-input":"required name=search_term_string"}],"inLanguage":"is"}]}},"_links":{"self":[{"href":"https:\/\/invictaelectric.is\/index.php\/wp-json\/wp\/v2\/product\/10833","targetHints":{"allow":["GET"]}}],"collection":[{"href":"https:\/\/invictaelectric.is\/index.php\/wp-json\/wp\/v2\/product"}],"about":[{"href":"https:\/\/invictaelectric.is\/index.php\/wp-json\/wp\/v2\/types\/product"}],"version-history":[{"count":7,"href":"https:\/\/invictaelectric.is\/index.php\/wp-json\/wp\/v2\/product\/10833\/revisions"}],"predecessor-version":[{"id":11312,"href":"https:\/\/invictaelectric.is\/index.php\/wp-json\/wp\/v2\/product\/10833\/revisions\/11312"}],"wp:featuredmedia":[{"embeddable":true,"href":"https:\/\/invictaelectric.is\/index.php\/wp-json\/wp\/v2\/media\/11129"}],"wp:attachment":[{"href":"https:\/\/invictaelectric.is\/index.php\/wp-json\/wp\/v2\/media?parent=10833"}],"wp:term":[{"taxonomy":"product_cat","embeddable":true,"href":"https:\/\/invictaelectric.is\/index.php\/wp-json\/wp\/v2\/product_cat?post=10833"},{"taxonomy":"product_tag","embeddable":true,"href":"https:\/\/invictaelectric.is\/index.php\/wp-json\/wp\/v2\/product_tag?post=10833"}],"curies":[{"name":"wp","href":"https:\/\/api.w.org\/{rel}","templated":true}]}}