{"id":11247,"date":"2021-06-07T16:28:40","date_gmt":"2021-06-07T16:28:40","guid":{"rendered":"https:\/\/dev.invictaelectric.is\/?post_type=product&#038;p=11247"},"modified":"2021-10-01T14:10:03","modified_gmt":"2021-10-01T14:10:03","slug":"invicta-electric-d2s","status":"publish","type":"product","link":"https:\/\/invictaelectric.is\/index.php\/product\/invicta-electric-d2s\/","title":{"rendered":"Invicta Electric D2S"},"content":{"rendered":"\t\t<div data-elementor-type=\"wp-post\" data-elementor-id=\"11247\" class=\"elementor elementor-11247\">\n\t\t\t\t\t\t\t\t\t<section class=\"elementor-section elementor-top-section elementor-element elementor-element-e23c531 elementor-section-boxed elementor-section-height-default elementor-section-height-default wd-section-disabled\" data-id=\"e23c531\" data-element_type=\"section\">\n\t\t\t\t\t\t<div class=\"elementor-container elementor-column-gap-default\">\n\t\t\t\t\t<div class=\"elementor-column elementor-col-100 elementor-top-column elementor-element elementor-element-9941ad8\" data-id=\"9941ad8\" data-element_type=\"column\">\n\t\t\t<div class=\"elementor-widget-wrap elementor-element-populated\">\n\t\t\t\t\t\t\t\t<div class=\"elementor-element elementor-element-b3c1311 color-scheme-inherit text-left elementor-widget elementor-widget-text-editor\" data-id=\"b3c1311\" data-element_type=\"widget\" data-widget_type=\"text-editor.default\">\n\t\t\t\t<div class=\"elementor-widget-container\">\n\t\t\t\t\t\t\t<p><strong>\u00cdt\u00f6lsk h\u00f6nnun\u00a0<\/strong><\/p><p>Gl\u00e6silegur, f\u00e1ga\u00f0ur og sportlegur me\u00f0 h\u00e1g\u00e6\u00f0a fr\u00e1gangi. Invicta Electric D2S er einn hagkv\u00e6masti b\u00edllinn til a\u00f0 aka \u00ed borginni sem og \u00fathverfum. B\u00edllinn notar n\u00fat\u00edmalegar og l\u00e9ttar rafhl\u00f6\u00f0ur sem gefur \u00fe\u00e9r allt a\u00f0 150 km dr\u00e6gni og er 5 \u00e1ra \u00e1byrg\u00f0 \u00e1 \u00feeim. Nj\u00f3ttu l\u00edka \u00fe\u00e6gindana sem fylgja b\u00edlnum eins og GPS, bakkmyndav\u00e9l og gott uppl\u00fdsingakerfi me\u00f0 g\u00f3\u00f0um h\u00e1talaragr\u00e6jum.<\/p>\t\t\t\t\t\t<\/div>\n\t\t\t\t<\/div>\n\t\t\t\t\t<\/div>\n\t\t<\/div>\n\t\t\t\t\t\t\t<\/div>\n\t\t<\/section>\n\t\t\t\t\t\t\t<\/div>\n\t\t","protected":false},"excerpt":{"rendered":"<p>\u00cdt\u00f6lsk h\u00f6nnun\u00a0 Gl\u00e6silegur, f\u00e1ga\u00f0ur og sportlegur me\u00f0 h\u00e1g\u00e6\u00f0a fr\u00e1gangi. Invicta Electric D2S er einn hagkv\u00e6masti b\u00edllinn til a\u00f0 aka \u00ed<\/p>\n","protected":false},"featured_media":11248,"template":"","meta":[],"product_cat":[104],"product_tag":[],"class_list":["post-11247","product","type-product","status-publish","has-post-thumbnail","hentry","product_cat-farartaeki"],"yoast_head":"<!-- This site is optimized with the Yoast SEO plugin v20.2.1 - https:\/\/yoast.com\/wordpress\/plugins\/seo\/ -->\n<title>Invicta Electric D2S - Invicta electric \u00e1 \u00cdslandi<\/title>\n<meta name=\"robots\" content=\"noindex, follow, max-snippet:-1, max-image-preview:large, max-video-preview:-1\" \/>\n<meta property=\"og:locale\" content=\"is_IS\" \/>\n<meta property=\"og:type\" content=\"article\" \/>\n<meta property=\"og:title\" content=\"Invicta Electric D2S - Invicta electric \u00e1 \u00cdslandi\" \/>\n<meta property=\"og:description\" content=\"\u00cdt\u00f6lsk h\u00f6nnun\u00a0 Gl\u00e6silegur, f\u00e1ga\u00f0ur og sportlegur me\u00f0 h\u00e1g\u00e6\u00f0a fr\u00e1gangi. Invicta Electric D2S er einn hagkv\u00e6masti b\u00edllinn til a\u00f0 aka \u00ed\" \/>\n<meta property=\"og:url\" content=\"https:\/\/invictaelectric.is\/index.php\/product\/invicta-electric-d2s\/\" \/>\n<meta property=\"og:site_name\" content=\"Invicta electric \u00e1 \u00cdslandi\" \/>\n<meta property=\"article:modified_time\" content=\"2021-10-01T14:10:03+00:00\" \/>\n<meta property=\"og:image\" content=\"https:\/\/invictaelectric.is\/wp-content\/uploads\/2021\/06\/zd-negro.jpg\" \/>\n\t<meta property=\"og:image:width\" content=\"1200\" \/>\n\t<meta property=\"og:image:height\" content=\"651\" \/>\n\t<meta property=\"og:image:type\" content=\"image\/jpeg\" \/>\n<meta name=\"twitter:card\" content=\"summary_large_image\" \/>\n<meta name=\"twitter:label1\" content=\"Est. reading time\" \/>\n\t<meta name=\"twitter:data1\" content=\"1 minute\" \/>\n<script type=\"application\/ld+json\" class=\"yoast-schema-graph\">{\"@context\":\"https:\/\/schema.org\",\"@graph\":[{\"@type\":\"WebPage\",\"@id\":\"https:\/\/invictaelectric.is\/index.php\/product\/invicta-electric-d2s\/\",\"url\":\"https:\/\/invictaelectric.is\/index.php\/product\/invicta-electric-d2s\/\",\"name\":\"Invicta Electric D2S - Invicta electric \u00e1 \u00cdslandi\",\"isPartOf\":{\"@id\":\"https:\/\/invictaelectric.is\/#website\"},\"datePublished\":\"2021-06-07T16:28:40+00:00\",\"dateModified\":\"2021-10-01T14:10:03+00:00\",\"breadcrumb\":{\"@id\":\"https:\/\/invictaelectric.is\/index.php\/product\/invicta-electric-d2s\/#breadcrumb\"},\"inLanguage\":\"is\",\"potentialAction\":[{\"@type\":\"ReadAction\",\"target\":[\"https:\/\/invictaelectric.is\/index.php\/product\/invicta-electric-d2s\/\"]}]},{\"@type\":\"BreadcrumbList\",\"@id\":\"https:\/\/invictaelectric.is\/index.php\/product\/invicta-electric-d2s\/#breadcrumb\",\"itemListElement\":[{\"@type\":\"ListItem\",\"position\":1,\"name\":\"Home\",\"item\":\"https:\/\/invictaelectric.is\/\"},{\"@type\":\"ListItem\",\"position\":2,\"name\":\"Shop\",\"item\":\"https:\/\/invictaelectric.is\/index.php\/shop\/\"},{\"@type\":\"ListItem\",\"position\":3,\"name\":\"Invicta Electric D2S\"}]},{\"@type\":\"WebSite\",\"@id\":\"https:\/\/invictaelectric.is\/#website\",\"url\":\"https:\/\/invictaelectric.is\/\",\"name\":\"Invicta electric \u00e1 \u00cdslandi\",\"description\":\"\",\"potentialAction\":[{\"@type\":\"SearchAction\",\"target\":{\"@type\":\"EntryPoint\",\"urlTemplate\":\"https:\/\/invictaelectric.is\/?s={search_term_string}\"},\"query-input\":\"required name=search_term_string\"}],\"inLanguage\":\"is\"}]}<\/script>\n<!-- \/ Yoast SEO plugin. -->","yoast_head_json":{"title":"Invicta Electric D2S - Invicta electric \u00e1 \u00cdslandi","robots":{"index":"noindex","follow":"follow","max-snippet":"max-snippet:-1","max-image-preview":"max-image-preview:large","max-video-preview":"max-video-preview:-1"},"og_locale":"is_IS","og_type":"article","og_title":"Invicta Electric D2S - Invicta electric \u00e1 \u00cdslandi","og_description":"\u00cdt\u00f6lsk h\u00f6nnun\u00a0 Gl\u00e6silegur, f\u00e1ga\u00f0ur og sportlegur me\u00f0 h\u00e1g\u00e6\u00f0a fr\u00e1gangi. Invicta Electric D2S er einn hagkv\u00e6masti b\u00edllinn til a\u00f0 aka \u00ed","og_url":"https:\/\/invictaelectric.is\/index.php\/product\/invicta-electric-d2s\/","og_site_name":"Invicta electric \u00e1 \u00cdslandi","article_modified_time":"2021-10-01T14:10:03+00:00","og_image":[{"width":1200,"height":651,"url":"https:\/\/invictaelectric.is\/wp-content\/uploads\/2021\/06\/zd-negro.jpg","type":"image\/jpeg"}],"twitter_card":"summary_large_image","twitter_misc":{"Est. reading time":"1 minute"},"schema":{"@context":"https:\/\/schema.org","@graph":[{"@type":"WebPage","@id":"https:\/\/invictaelectric.is\/index.php\/product\/invicta-electric-d2s\/","url":"https:\/\/invictaelectric.is\/index.php\/product\/invicta-electric-d2s\/","name":"Invicta Electric D2S - Invicta electric \u00e1 \u00cdslandi","isPartOf":{"@id":"https:\/\/invictaelectric.is\/#website"},"datePublished":"2021-06-07T16:28:40+00:00","dateModified":"2021-10-01T14:10:03+00:00","breadcrumb":{"@id":"https:\/\/invictaelectric.is\/index.php\/product\/invicta-electric-d2s\/#breadcrumb"},"inLanguage":"is","potentialAction":[{"@type":"ReadAction","target":["https:\/\/invictaelectric.is\/index.php\/product\/invicta-electric-d2s\/"]}]},{"@type":"BreadcrumbList","@id":"https:\/\/invictaelectric.is\/index.php\/product\/invicta-electric-d2s\/#breadcrumb","itemListElement":[{"@type":"ListItem","position":1,"name":"Home","item":"https:\/\/invictaelectric.is\/"},{"@type":"ListItem","position":2,"name":"Shop","item":"https:\/\/invictaelectric.is\/index.php\/shop\/"},{"@type":"ListItem","position":3,"name":"Invicta Electric D2S"}]},{"@type":"WebSite","@id":"https:\/\/invictaelectric.is\/#website","url":"https:\/\/invictaelectric.is\/","name":"Invicta electric \u00e1 \u00cdslandi","description":"","potentialAction":[{"@type":"SearchAction","target":{"@type":"EntryPoint","urlTemplate":"https:\/\/invictaelectric.is\/?s={search_term_string}"},"query-input":"required name=search_term_string"}],"inLanguage":"is"}]}},"_links":{"self":[{"href":"https:\/\/invictaelectric.is\/index.php\/wp-json\/wp\/v2\/product\/11247","targetHints":{"allow":["GET"]}}],"collection":[{"href":"https:\/\/invictaelectric.is\/index.php\/wp-json\/wp\/v2\/product"}],"about":[{"href":"https:\/\/invictaelectric.is\/index.php\/wp-json\/wp\/v2\/types\/product"}],"version-history":[{"count":4,"href":"https:\/\/invictaelectric.is\/index.php\/wp-json\/wp\/v2\/product\/11247\/revisions"}],"predecessor-version":[{"id":11318,"href":"https:\/\/invictaelectric.is\/index.php\/wp-json\/wp\/v2\/product\/11247\/revisions\/11318"}],"wp:featuredmedia":[{"embeddable":true,"href":"https:\/\/invictaelectric.is\/index.php\/wp-json\/wp\/v2\/media\/11248"}],"wp:attachment":[{"href":"https:\/\/invictaelectric.is\/index.php\/wp-json\/wp\/v2\/media?parent=11247"}],"wp:term":[{"taxonomy":"product_cat","embeddable":true,"href":"https:\/\/invictaelectric.is\/index.php\/wp-json\/wp\/v2\/product_cat?post=11247"},{"taxonomy":"product_tag","embeddable":true,"href":"https:\/\/invictaelectric.is\/index.php\/wp-json\/wp\/v2\/product_tag?post=11247"}],"curies":[{"name":"wp","href":"https:\/\/api.w.org\/{rel}","templated":true}]}}